{"id":1055,"date":"2021-02-27T13:55:54","date_gmt":"2021-02-27T13:55:54","guid":{"rendered":"https:\/\/goclicknica.com\/home\/"},"modified":"2025-07-02T18:29:12","modified_gmt":"2025-07-02T18:29:12","slug":"home","status":"publish","type":"page","link":"https:\/\/goclicknica.com\/en\/","title":{"rendered":"P\u00e1gina de inicio"},"content":{"rendered":"<div class=\"wp-block-cover alignfull is-repeated wp-duotone-midnight\" style=\"margin-top:0;padding-top:0px;padding-right:0px;padding-bottom:0px;padding-left:0px;min-height:66vh;aspect-ratio:unset;\"><div class=\"wp-block-cover__image-background wp-image-2077 size-large is-repeated\" style=\"background-position:57% 56%;background-image:url(https:\/\/goclicknica.com\/wp-content\/uploads\/2025\/07\/business-5475661_1920-1024x573.jpg)\"><\/div><span aria-hidden=\"true\" class=\"wp-block-cover__background has-background-dim-10 has-background-dim\"><\/span><div class=\"wp-block-cover__inner-container is-layout-flow wp-block-cover-is-layout-flow\">\n<div class=\"inherit-container-width wp-block-group is-layout-constrained wp-container-core-group-is-layout-329c63b9 wp-block-group-is-layout-constrained\">\n<p><\/p>\n\n\n\n<h2 class=\"wp-block-heading has-text-align-center has-white-color has-text-color\" style=\"margin-top:var(--wp--preset--spacing--30);margin-right:var(--wp--preset--spacing--30);margin-bottom:var(--wp--preset--spacing--30);margin-left:var(--wp--preset--spacing--30);padding-top:var(--wp--preset--spacing--40);padding-right:var(--wp--preset--spacing--50);padding-bottom:var(--wp--preset--spacing--40);padding-left:var(--wp--preset--spacing--50);font-size:32px;font-style:normal;font-weight:600;letter-spacing:0px;line-height:1.1;text-transform:uppercase\">Conectando ideas que trasnforman nuestro ecosistema digital<\/h2>\n<\/div>\n\n\n\n<div class=\"wp-block-buttons alignwide is-content-justification-center is-nowrap is-layout-flex wp-container-core-buttons-is-layout-12a27398 wp-block-buttons-is-layout-flex\">\n<div class=\"wp-block-button is-style-outline is-style-outline--1\"><a class=\"wp-block-button__link has-white-color has-text-color has-custom-font-size wp-element-button\" href=\"https:\/\/goclicknica.com\/en\/contact\/\" style=\"padding-top:24px;padding-right:48px;padding-bottom:24px;padding-left:48px;font-size:16px;font-style:normal;font-weight:600;letter-spacing:0px;text-transform:uppercase\">Conectar<\/a><\/div>\n<\/div>\n<\/div><\/div>\n\n\n\n<div class=\"wp-block-uagb-container uagb-block-4a0bacee alignfull uagb-is-root-container\"><div class=\"uagb-container-inner-blocks-wrap\">\n<div class=\"wp-block-uagb-container uagb-block-d5f7a01a\">\n<div class=\"wp-block-uagb-info-box uagb-block-2394786f uagb-infobox__content-wrap  uagb-infobox-icon-above-title uagb-infobox-image-valign-top\"><div class=\"uagb-ifb-content\"><div class=\"uagb-ifb-image-content\"><img decoding=\"async\" src=\"https:\/\/goclicknica.com\/wp-content\/uploads\/2023\/04\/contrato-1-2.png\" alt=\"\" width=\"40\" height=\"40\" loading=\"lazy\"\/><\/div><div class=\"uagb-ifb-title-wrap\"><h4 class=\"uagb-ifb-title\">Art\u00edculos<\/h4><\/div><div class=\"uagb-ifb-separator\"><\/div><p class=\"uagb-ifb-desc\">Encuentra art\u00edculos de diversas tem\u00e1ticas acerca de tecnolog\u00eda, marketing digital y estrategias de innovaci\u00f3n para emprendedores.<\/p><\/div><\/div>\n<\/div>\n\n\n\n<div class=\"wp-block-uagb-container uagb-block-ad982138\">\n<div class=\"wp-block-uagb-info-box uagb-block-95a51f50 uagb-infobox__content-wrap  uagb-infobox-icon-above-title uagb-infobox-image-valign-top\"><div class=\"uagb-ifb-content\"><div class=\"uagb-ifb-image-content\"><img decoding=\"async\" src=\"https:\/\/goclicknica.com\/wp-content\/uploads\/2023\/04\/lupa.png\" alt=\"\" width=\"40\" height=\"40\" loading=\"lazy\"\/><\/div><div class=\"uagb-ifb-title-wrap\"><h4 class=\"uagb-ifb-title\">Investigaciones<\/h4><\/div><div class=\"uagb-ifb-separator\"><\/div><p class=\"uagb-ifb-desc\">Servicios de investigaci\u00f3n relacionados a temas de comercio electr\u00f3nico y desarrollo de productos digitales.<\/p><\/div><\/div>\n<\/div>\n\n\n\n<div class=\"wp-block-uagb-container uagb-block-eb2f7fee\">\n<div class=\"wp-block-uagb-info-box uagb-block-692b16d7 uagb-infobox__content-wrap  uagb-infobox-icon-above-title uagb-infobox-image-valign-top\"><div class=\"uagb-ifb-content\"><div class=\"uagb-ifb-image-content\"><img decoding=\"async\" src=\"https:\/\/goclicknica.com\/wp-content\/uploads\/2023\/04\/asistencia.png\" alt=\"\" width=\"40\" height=\"40\" loading=\"lazy\"\/><\/div><div class=\"uagb-ifb-title-wrap\"><h4 class=\"uagb-ifb-title\">Asesor\u00edas<\/h4><\/div><div class=\"uagb-ifb-separator\"><\/div><p class=\"uagb-ifb-desc\">Encuentra asesores voluntarios para el desarrollo de tu negocio o emprendimiento digital llev\u00e1ndolo al siguiente nivel.<\/p><\/div><\/div>\n<\/div>\n\n\n\n<div class=\"wp-block-uagb-container uagb-block-3e2bca45\">\n<div class=\"wp-block-uagb-info-box uagb-block-ac40509d uagb-infobox__content-wrap  uagb-infobox-icon-above-title uagb-infobox-image-valign-top\"><div class=\"uagb-ifb-content\"><div class=\"uagb-ifb-image-content\"><img decoding=\"async\" src=\"https:\/\/goclicknica.com\/wp-content\/uploads\/2023\/04\/en-todo-el-mundo.png\" alt=\"\" width=\"40\" height=\"40\" loading=\"lazy\"\/><\/div><div class=\"uagb-ifb-title-wrap\"><h4 class=\"uagb-ifb-title\">Comunidad Digital<\/h4><\/div><div class=\"uagb-ifb-separator\"><\/div><p class=\"uagb-ifb-desc\">Un espacio d\u00f3nde colaborativamente se construye un entorno para compartir conocimientos y experiencias.<\/p><\/div><\/div>\n<\/div>\n<\/div><\/div>\n\n\n\n<p><\/p>\n\n\n\n<div class=\"wp-block-media-text is-stacked-on-mobile\" style=\"grid-template-columns:30% auto\"><figure class=\"wp-block-media-text__media\"><img loading=\"lazy\" decoding=\"async\" width=\"1024\" height=\"683\" src=\"https:\/\/goclicknica.com\/wp-content\/uploads\/2025\/06\/pexels-photo-3861958-3861958-1024x683.jpg\" alt=\"A focused female software engineer coding on dual monitors in a modern office.\" class=\"wp-image-2002 size-full\" srcset=\"https:\/\/goclicknica.com\/wp-content\/uploads\/2025\/06\/pexels-photo-3861958-3861958-1024x683.jpg 1024w, https:\/\/goclicknica.com\/wp-content\/uploads\/2025\/06\/pexels-photo-3861958-3861958-300x200.jpg 300w, https:\/\/goclicknica.com\/wp-content\/uploads\/2025\/06\/pexels-photo-3861958-3861958-768x512.jpg 768w, https:\/\/goclicknica.com\/wp-content\/uploads\/2025\/06\/pexels-photo-3861958-3861958-1536x1025.jpg 1536w, https:\/\/goclicknica.com\/wp-content\/uploads\/2025\/06\/pexels-photo-3861958-3861958-2048x1366.jpg 2048w\" sizes=\"auto, (max-width: 1024px) 100vw, 1024px\" \/><\/figure><div class=\"wp-block-media-text__content\">\n<h2 class=\"wp-block-heading\">La Impactante Verdad Sobre Trabajar en Tech Sin T\u00edtulo<\/h2>\n\n\n\n<p><em>Descubre por qu\u00e9 cada vez m\u00e1s profesionales exitosos est\u00e1n ingresando al sector tecnol\u00f3gico sin t\u00edtulos tradicionales en ingenier\u00eda o ciencias de la computaci\u00f3n<\/em><\/p>\n\n\n\n<div class=\"wp-block-buttons is-layout-flex wp-block-buttons-is-layout-flex\">\n<div class=\"wp-block-button\"><a class=\"wp-block-button__link wp-element-button\" href=\"https:\/\/goclicknica.com\/en\/2025\/06\/05\/necesitas-un-titulo-en-tecnologia-para-trabajar-en-la-industria-tech-la-verdad-sobre-las-carreras-tecnologicas\/\">Leer m\u00e1s<\/a><\/div>\n<\/div>\n<\/div><\/div>\n\n\n\n<div class=\"wp-block-uagb-container uagb-block-8cc3603f alignfull uagb-is-root-container\"><div class=\"uagb-container-inner-blocks-wrap\">\n<div class=\"inherit-container-width wp-block-group is-layout-constrained wp-block-group-is-layout-constrained\">\n<div class=\"wp-block-uagb-info-box uagb-block-10cc9471 uagb-infobox__content-wrap  uagb-infobox-icon-above-title uagb-infobox-image-valign-top\"><div class=\"uagb-ifb-content\"><div class=\"uagb-ifb-icon-wrap\"><svg xmlns=\"https:\/\/www.w3.org\/2000\/svg\" viewbox=\"0 0 512 512\"><path d=\"M0 256C0 114.6 114.6 0 256 0C397.4 0 512 114.6 512 256C512 397.4 397.4 512 256 512C114.6 512 0 397.4 0 256zM371.8 211.8C382.7 200.9 382.7 183.1 371.8 172.2C360.9 161.3 343.1 161.3 332.2 172.2L224 280.4L179.8 236.2C168.9 225.3 151.1 225.3 140.2 236.2C129.3 247.1 129.3 264.9 140.2 275.8L204.2 339.8C215.1 350.7 232.9 350.7 243.8 339.8L371.8 211.8z\"><\/path><\/svg><\/div><div class=\"uagb-ifb-title-wrap\"><h2 class=\"uagb-ifb-title\">Comercio electr\u00f3nico en Nicaragua<\/h2><\/div><div class=\"uagb-ifb-separator\"><\/div><p class=\"uagb-ifb-desc\">Estamos realizando una investigaci\u00f3n independiente sobre el comercio electr\u00f3nico en Nicaragua y nos gustar\u00eda invitarlos a participar . Queremos conocer su opini\u00f3n y experiencia en relaci\u00f3n a este tema para poder entender mejor el panorama actual , as\u00ed como las necesidades y expectativas de los usuarios y empresarios que forman parte de este sector.<\/p><\/div><\/div>\n\n\n\n<div class=\"wp-block-buttons is-content-justification-center is-layout-flex wp-container-core-buttons-is-layout-a89b3969 wp-block-buttons-is-layout-flex\">\n<div class=\"wp-block-button\"><a class=\"wp-block-button__link wp-element-button\" href=\"https:\/\/online.forms.app\/axelortega\/ecommerce-nic\">Encuesta<\/a><\/div>\n<\/div>\n\n\n\n<p><\/p>\n<\/div>\n\n\n\n<div class=\"wp-block-uagb-advanced-heading uagb-block-e571cf48\"><h2 class=\"uagb-heading-text\">Art\u00edculos<\/h2><div class=\"uagb-separator\"><\/div><\/div>\n\n\n\n<div class=\"wp-block-uagb-container uagb-block-834e998f\">\n<div class=\"wp-block-uagb-container uagb-block-754d03b8\">\n<div class=\"wp-block-uagb-info-box uagb-block-3a4afc95 uagb-infobox__content-wrap  uagb-infobox-icon-above-title uagb-infobox-image-valign-top uag-blocks-common-selector\" style=\"--z-index-desktop:445;;--z-index-tablet:undefined;;--z-index-mobile:undefined;\"><div class=\"uagb-ifb-content\"><div class=\"uagb-ifb-image-content\"><img decoding=\"async\" src=\"https:\/\/goclicknica.com\/wp-content\/uploads\/2023\/04\/apple-imac-ipad-606761.jpg\" alt=\"apple, imac, ipad-606761.jpg\" width=\"1280\" height=\"850\" loading=\"lazy\"\/><\/div><div class=\"uagb-ifb-title-wrap\"><h3 class=\"uagb-ifb-title\">Reinvent\u00e1ndose en la era digital<\/h3><\/div><p class=\"uagb-ifb-desc\">\u00bfC\u00f3mo iniciar mi profesi\u00f3n hacia el sector tecnol\u00f3gico?<br>Esta es una pregunta que muchos profesionales se hacen as\u00ed mismos&#8230;<\/p><div class=\"uagb-ifb-button-wrapper wp-block-button\"><a href=\"https:\/\/goclicknica.com\/en\/2023\/04\/24\/reinventandose-en-la-era-digital-claves-para-cambiar-de-carrera-hacia-la-tecnologia\/\" class=\"uagb-infobox-cta-link wp-block-button__link\" target=\"_self\" rel=\"noopener noreferrer\" onclick=\"return true;\" alt=\"\"><span class=\"uagb-inline-editing\">Leer m\u00e1s<\/span><\/a><\/div><\/div><\/div>\n<\/div>\n\n\n\n<div class=\"wp-block-uagb-container uagb-block-627f4df3\">\n<div class=\"wp-block-uagb-info-box uagb-block-d7802b94 uagb-infobox__content-wrap  uagb-infobox-icon-above-title uagb-infobox-image-valign-top\"><div class=\"uagb-ifb-content\"><div class=\"uagb-ifb-image-content\"><img decoding=\"async\" src=\"https:\/\/goclicknica.com\/wp-content\/uploads\/2023\/04\/startup-business-people-849804.jpg\" alt=\"startup, business, people-849804.jpg\" width=\"1280\" height=\"914\" loading=\"lazy\"\/><\/div><div class=\"uagb-ifb-title-wrap\"><h3 class=\"uagb-ifb-title\">Consejos para obtener un empleo en el sector tecnol\u00f3gico<\/h3><\/div><p class=\"uagb-ifb-desc\">El mercado laboral de la tecnolog\u00eda de la informaci\u00f3n&#8230;..<\/p><div class=\"uagb-ifb-button-wrapper wp-block-button\"><a href=\"https:\/\/goclicknica.com\/en\/2023\/04\/24\/consejos-para-impulsar-tu-carrera-al-sector-tecnologico\/\" class=\"uagb-infobox-cta-link wp-block-button__link\" target=\"_self\" rel=\"noopener noreferrer\" onclick=\"return true;\" alt=\"\"><span class=\"uagb-inline-editing\">Leer m\u00e1s<\/span><\/a><\/div><\/div><\/div>\n<\/div>\n\n\n\n<div class=\"wp-block-uagb-container uagb-block-2efd69e7\">\n<div class=\"wp-block-uagb-info-box uagb-block-1edf71e3 uagb-infobox__content-wrap  uagb-infobox-icon-above-title uagb-infobox-image-valign-top\"><div class=\"uagb-ifb-content\"><div class=\"uagb-ifb-image-content\"><img decoding=\"async\" src=\"https:\/\/goclicknica.com\/wp-content\/uploads\/2023\/04\/chatgpt-chat-gpt-review-7707442.jpg\" alt=\"chatgpt, chat gpt, review-7707442.jpg\" width=\"1280\" height=\"845\" loading=\"lazy\"\/><\/div><div class=\"uagb-ifb-title-wrap\"><h3 class=\"uagb-ifb-title\">ChatGPT: \u00bfQu\u00e9 es la inteligencia artificial?<\/h3><\/div><p class=\"uagb-ifb-desc\">La inteligencia artificial explicando que es la inteligencia artificial. Lee este interesante..<\/p><div class=\"uagb-ifb-button-wrapper wp-block-button\"><a href=\"https:\/\/goclicknica.com\/en\/2023\/04\/24\/chat-gpt-que-es-la-inteligencia-artificial\/\" class=\"uagb-infobox-cta-link wp-block-button__link\" target=\"_self\" rel=\"noopener noreferrer\" onclick=\"return true;\" alt=\"\"><span class=\"uagb-inline-editing\">Leer m\u00e1s<\/span><\/a><\/div><\/div><\/div>\n<\/div>\n<\/div>\n<\/div><\/div>\n\n\n\n<p><\/p>\n\n\n\n<div class=\"wp-block-uagb-container uagb-block-9cbaf07e alignfull uagb-is-root-container\"><div class=\"uagb-container-inner-blocks-wrap\">\n<div class=\"wp-block-uagb-info-box uagb-block-8774fdde uagb-infobox__content-wrap  uagb-infobox-icon-above-title uagb-infobox-image-valign-top\"><div class=\"uagb-ifb-content\"><div class=\"uagb-ifb-image-content\"><img decoding=\"async\" src=\"https:\/\/goclicknica.com\/wp-content\/uploads\/2023\/04\/quotation-mark-quotation-quote-7228450-e1682306188856.png\" alt=\"quotation mark, quotation, quote-7228450.jpg\" width=\"80\" height=\"58\" loading=\"lazy\"\/><\/div><div class=\"uagb-ifb-title-wrap\"><h3 class=\"uagb-ifb-title\">\u201cTransformarse requiere largos procesos pero el resultado final es realmente gratificante, solo necesitamos dar el primer paso\u201d<\/h3><\/div><\/div><\/div>\n\n\n\n<div class=\"wp-block-uagb-image aligncenter uagb-block-cd8fe8d7 wp-block-uagb-image--layout-default wp-block-uagb-image--effect-static wp-block-uagb-image--align-center\"><figure class=\"wp-block-uagb-image__figure\"><img decoding=\"async\" srcset=\"https:\/\/goclicknica.com\/wp-content\/uploads\/2023\/04\/1624131855106.jpeg \" src=\"https:\/\/goclicknica.com\/wp-content\/uploads\/2023\/04\/1624131855106.jpeg\" alt=\"\" class=\"uag-image-1654\" width=\"70\" height=\"70\" title=\"\" loading=\"lazy\"\/><\/figure><\/div>\n\n\n\n<div class=\"wp-block-uagb-advanced-heading uagb-block-1fbeb8e4\"><p class=\"uagb-heading-text\"><em>Axel Ortega<\/em><\/p><\/div>\n<\/div><\/div>","protected":false},"excerpt":{"rendered":"<p>Art\u00edculos Axel Ortega<\/p>","protected":false},"author":1,"featured_media":0,"parent":0,"menu_order":0,"comment_status":"closed","ping_status":"closed","template":"","meta":{"om_disable_all_campaigns":false,"_uag_custom_page_level_css":"","_monsterinsights_skip_tracking":false,"_monsterinsights_sitenote_active":false,"_monsterinsights_sitenote_note":"","_monsterinsights_sitenote_category":0,"site-sidebar-layout":"no-sidebar","site-content-layout":"plain-container","ast-global-header-display":"","ast-main-header-display":"","ast-hfb-above-header-display":"","ast-hfb-below-header-display":"","ast-hfb-mobile-header-display":"","site-post-title":"disabled","ast-breadcrumbs-content":"","ast-featured-img":"disabled","footer-sml-layout":"","theme-transparent-header-meta":"enabled","adv-header-id-meta":"","stick-header-meta":"","header-above-stick-meta":"","header-main-stick-meta":"","header-below-stick-meta":"","footnotes":""},"class_list":["post-1055","page","type-page","status-publish","hentry"],"aioseo_notices":[],"uagb_featured_image_src":{"full":false,"thumbnail":false,"medium":false,"medium_large":false,"large":false,"1536x1536":false,"2048x2048":false,"trp-custom-language-flag":false},"uagb_author_info":{"display_name":"goclick01","author_link":"https:\/\/goclicknica.com\/en\/author\/goclick01\/"},"uagb_comment_info":0,"uagb_excerpt":"Art\u00edculos Axel Ortega","_links":{"self":[{"href":"https:\/\/goclicknica.com\/en\/wp-json\/wp\/v2\/pages\/1055","targetHints":{"allow":["GET"]}}],"collection":[{"href":"https:\/\/goclicknica.com\/en\/wp-json\/wp\/v2\/pages"}],"about":[{"href":"https:\/\/goclicknica.com\/en\/wp-json\/wp\/v2\/types\/page"}],"author":[{"embeddable":true,"href":"https:\/\/goclicknica.com\/en\/wp-json\/wp\/v2\/users\/1"}],"replies":[{"embeddable":true,"href":"https:\/\/goclicknica.com\/en\/wp-json\/wp\/v2\/comments?post=1055"}],"version-history":[{"count":75,"href":"https:\/\/goclicknica.com\/en\/wp-json\/wp\/v2\/pages\/1055\/revisions"}],"predecessor-version":[{"id":2081,"href":"https:\/\/goclicknica.com\/en\/wp-json\/wp\/v2\/pages\/1055\/revisions\/2081"}],"wp:attachment":[{"href":"https:\/\/goclicknica.com\/en\/wp-json\/wp\/v2\/media?parent=1055"}],"curies":[{"name":"wp","href":"https:\/\/api.w.org\/{rel}","templated":true}]}}