{"id":1067,"date":"2021-02-27T14:18:49","date_gmt":"2021-02-27T14:18:49","guid":{"rendered":"https:\/\/goclicknica.com\/blog\/"},"modified":"2025-06-06T18:41:16","modified_gmt":"2025-06-06T18:41:16","slug":"blog","status":"publish","type":"page","link":"https:\/\/goclicknica.com\/en\/home\/blog\/","title":{"rendered":"Blog"},"content":{"rendered":"<div class=\"wp-block-uagb-container uagb-block-c460e665 alignfull uagb-is-root-container\"><div class=\"uagb-container-inner-blocks-wrap\">\n<div class=\"wp-block-uagb-advanced-heading uagb-block-f62e657f\"><h1 class=\"uagb-heading-text\">Nuestros Art\u00edculos<\/h1><\/div>\n<\/div><\/div>\n\n\n\n<p><\/p>\n\n\n\n<div class=\"wp-block-uagb-advanced-heading uagb-block-c80d43f1\"><h2 class=\"uagb-heading-text\">Tendencias<\/h2><\/div>\n\n\n\n<div class=\"wp-block-visualize-mermaid\"><pre class=\"visualizeMermaid__content js-visualize-content\"><\/pre><pre class=\"visualizeMermaid__error visualizeMermaid__error--hidden js-visualize-error\"><\/pre><div class=\"visualizeMermaid__canvas\"><\/div><\/div>\n\n\n\n<div class=\"wp-block-visualize-mermaid\"><pre class=\"visualizeMermaid__content js-visualize-content\"><\/pre><pre class=\"visualizeMermaid__error visualizeMermaid__error--hidden js-visualize-error\"><\/pre><div class=\"visualizeMermaid__canvas\"><\/div><\/div>\n\n\n\n<div class=\"wp-block-visualize-mermaid\"><pre class=\"visualizeMermaid__content js-visualize-content\"><\/pre><pre class=\"visualizeMermaid__error visualizeMermaid__error--hidden js-visualize-error\"><\/pre><div class=\"visualizeMermaid__canvas\"><\/div><\/div>\n\n\n\n\t\t\t<div class=\"wp-block-uagb-post-grid uagb-post-grid  uagb-post__image-position-top uagb-post__image-enabled uagb-block-f5a9ac02     uagb-post__items uagb-post__columns-3 is-grid uagb-post__columns-tablet-2 uagb-post__columns-mobile-1 uagb-post__equal-height uagb-equal_height_inline-read-more-buttons\" data-total=\"3\" style=\"\">\n\n\t\t\t\t\t\t\t\t\t\t\t\t<article class=\"uagb-post__inner-wrap\">\t\t\t\t\t\t\t\t<h4 class=\"uagb-post__title uagb-post__text\">\n\t\t\t\t<a href=\"https:\/\/goclicknica.com\/en\/2025\/06\/18\/miami-hub-tecnologico-2025-como-la-ciudad-se-transformo-en-el-silicon-valley-del-sur\/\" target=\"_self\" rel=\"bookmark noopener noreferrer\">Miami Hub Tecnol\u00f3gico 2025: C\u00f3mo la Ciudad se Transform\u00f3 en el Silicon Valley del Sur<\/a>\n\t\t\t<\/h4>\n\t\t\t\t\t\t<div class='uagb-post__text uagb-post-grid-byline'>\n\t\t\t\t\t\t\t\t<time datetime=\"2025-06-18T01:15:28+00:00\" class=\"uagb-post__date\">\n\t\t\t\t<span class=\"dashicons-calendar dashicons\"><\/span>\t\t\t\t\tJune 18, 2025\t\t\t\t<\/time>\n\t\t\t\t\t\t\t<span class=\"uagb-post__comment\">\n\t\t\t\t<span class=\"dashicons-admin-comments dashicons\"><\/span>\t\t\t\t\tNo Comments\t\t\t\t<\/span>\n\t\t\t\t\t\t<\/div>\n\t\t\t\t\t\t\t<div class='uagb-post__text uagb-post__excerpt'>\n\t\t\t\t\t<p>Una reflexi\u00f3n desde el epicentro de la transformaci\u00f3n digital m\u00e1s importante de Am\u00e9rica Latina Escribo&#8230;\t\t\t\t<\/div>\n\t\t\t\t\t\t<div class=\"uagb-post__text uagb-post__cta wp-block-button\">\n\t\t\t\t<a class=\"wp-block-button__link uagb-text-link\" style=\"\" href=\"https:\/\/goclicknica.com\/en\/2025\/06\/18\/miami-hub-tecnologico-2025-como-la-ciudad-se-transformo-en-el-silicon-valley-del-sur\/\" target=\"_self\" rel=\"bookmark noopener noreferrer\">Read More<\/a>\n\t\t\t<\/div>\n\t\t\t\n\t\t\t\t\t\t\t\t\t<\/article>\n\t\t\t\t\t\t\t\t\t\t\t\t\t\t\t\t<article class=\"uagb-post__inner-wrap\">\t\t\t\t\t\t\t\t<h4 class=\"uagb-post__title uagb-post__text\">\n\t\t\t\t<a href=\"https:\/\/goclicknica.com\/en\/2025\/06\/11\/la-verdad-incomoda-sobre-emprender-con-plataformas-digitales-en-latinoamerica\/\" target=\"_self\" rel=\"bookmark noopener noreferrer\">La Verdad Inc\u00f3moda Sobre Emprender con Plataformas Digitales en Latinoam\u00e9rica<\/a>\n\t\t\t<\/h4>\n\t\t\t\t\t\t<div class='uagb-post__text uagb-post-grid-byline'>\n\t\t\t\t\t\t\t\t<time datetime=\"2025-06-11T03:18:18+00:00\" class=\"uagb-post__date\">\n\t\t\t\t<span class=\"dashicons-calendar dashicons\"><\/span>\t\t\t\t\tJune 11, 2025\t\t\t\t<\/time>\n\t\t\t\t\t\t\t<span class=\"uagb-post__comment\">\n\t\t\t\t<span class=\"dashicons-admin-comments dashicons\"><\/span>\t\t\t\t\tNo Comments\t\t\t\t<\/span>\n\t\t\t\t\t\t<\/div>\n\t\t\t\t\t\t\t<div class='uagb-post__text uagb-post__excerpt'>\n\t\t\t\t\t<p>En el ecosistema emprendedor de los pa\u00edses de latinoam\u00e9rica, existe una narrativa seductora que se&#8230;\t\t\t\t<\/div>\n\t\t\t\t\t\t<div class=\"uagb-post__text uagb-post__cta wp-block-button\">\n\t\t\t\t<a class=\"wp-block-button__link uagb-text-link\" style=\"\" href=\"https:\/\/goclicknica.com\/en\/2025\/06\/11\/la-verdad-incomoda-sobre-emprender-con-plataformas-digitales-en-latinoamerica\/\" target=\"_self\" rel=\"bookmark noopener noreferrer\">Read More<\/a>\n\t\t\t<\/div>\n\t\t\t\n\t\t\t\t\t\t\t\t\t<\/article>\n\t\t\t\t\t\t\t\t\t\t\t\t\t\t\t\t<article class=\"uagb-post__inner-wrap\">\t\t\t\t\t\t\t\t<h4 class=\"uagb-post__title uagb-post__text\">\n\t\t\t\t<a href=\"https:\/\/goclicknica.com\/en\/2025\/06\/09\/validacion-de-ideas-de-negocio-como-evitar-el-fracaso-y-filtrar-feedback-real\/\" target=\"_self\" rel=\"bookmark noopener noreferrer\">Validaci\u00f3n de Ideas de Negocio: C\u00f3mo Evitar el Fracaso y Filtrar Feedback Real<\/a>\n\t\t\t<\/h4>\n\t\t\t\t\t\t<div class='uagb-post__text uagb-post-grid-byline'>\n\t\t\t\t\t\t\t\t<time datetime=\"2025-06-09T17:57:49+00:00\" class=\"uagb-post__date\">\n\t\t\t\t<span class=\"dashicons-calendar dashicons\"><\/span>\t\t\t\t\tJune 9, 2025\t\t\t\t<\/time>\n\t\t\t\t\t\t\t<span class=\"uagb-post__comment\">\n\t\t\t\t<span class=\"dashicons-admin-comments dashicons\"><\/span>\t\t\t\t\tNo Comments\t\t\t\t<\/span>\n\t\t\t\t\t\t<\/div>\n\t\t\t\t\t\t\t<div class='uagb-post__text uagb-post__excerpt'>\n\t\t\t\t\t<p>La validaci\u00f3n de una idea de negocio representa uno de los desaf\u00edos m\u00e1s cr\u00edticos para&#8230;\t\t\t\t<\/div>\n\t\t\t\t\t\t<div class=\"uagb-post__text uagb-post__cta wp-block-button\">\n\t\t\t\t<a class=\"wp-block-button__link uagb-text-link\" style=\"\" href=\"https:\/\/goclicknica.com\/en\/2025\/06\/09\/validacion-de-ideas-de-negocio-como-evitar-el-fracaso-y-filtrar-feedback-real\/\" target=\"_self\" rel=\"bookmark noopener noreferrer\">Read More<\/a>\n\t\t\t<\/div>\n\t\t\t\n\t\t\t\t\t\t\t\t\t<\/article>\n\t\t\t\t\t\t\t\t\t\t\t\t\t\t\t\t<article class=\"uagb-post__inner-wrap\">\t\t\t\t\t\t\t\t<h4 class=\"uagb-post__title uagb-post__text\">\n\t\t\t\t<a href=\"https:\/\/goclicknica.com\/en\/2025\/06\/06\/chatgpt-fortalece-el-ecosistema-digital-latinoamericano-analisis-completo\/\" target=\"_self\" rel=\"bookmark noopener noreferrer\">ChatGPT fortalece el ecosistema digital latinoamericano: An\u00e1lisis completo<\/a>\n\t\t\t<\/h4>\n\t\t\t\t\t\t<div class='uagb-post__text uagb-post-grid-byline'>\n\t\t\t\t\t\t\t\t<time datetime=\"2025-06-06T18:39:14+00:00\" class=\"uagb-post__date\">\n\t\t\t\t<span class=\"dashicons-calendar dashicons\"><\/span>\t\t\t\t\tJune 6, 2025\t\t\t\t<\/time>\n\t\t\t\t\t\t\t<span class=\"uagb-post__comment\">\n\t\t\t\t<span class=\"dashicons-admin-comments dashicons\"><\/span>\t\t\t\t\tNo Comments\t\t\t\t<\/span>\n\t\t\t\t\t\t<\/div>\n\t\t\t\t\t\t\t<div class='uagb-post__text uagb-post__excerpt'>\n\t\t\t\t\t<p>La inteligencia artificial lleg\u00f3 para quedarse, y en Am\u00e9rica Latina, una regi\u00f3n que hist\u00f3ricamente ha&#8230;\t\t\t\t<\/div>\n\t\t\t\t\t\t<div class=\"uagb-post__text uagb-post__cta wp-block-button\">\n\t\t\t\t<a class=\"wp-block-button__link uagb-text-link\" style=\"\" href=\"https:\/\/goclicknica.com\/en\/2025\/06\/06\/chatgpt-fortalece-el-ecosistema-digital-latinoamericano-analisis-completo\/\" target=\"_self\" rel=\"bookmark noopener noreferrer\">Read More<\/a>\n\t\t\t<\/div>\n\t\t\t\n\t\t\t\t\t\t\t\t\t<\/article>\n\t\t\t\t\t\t\t\t\t\t\t\t\t\t\t\t<article class=\"uagb-post__inner-wrap\">\t\t\t\t\t\t\t\t<h4 class=\"uagb-post__title uagb-post__text\">\n\t\t\t\t<a href=\"https:\/\/goclicknica.com\/en\/2025\/06\/05\/necesitas-un-titulo-en-tecnologia-para-trabajar-en-la-industria-tech-la-verdad-sobre-las-carreras-tecnologicas\/\" target=\"_self\" rel=\"bookmark noopener noreferrer\">La Impactante Verdad Sobre Trabajar en Tech Sin T\u00edtulo<\/a>\n\t\t\t<\/h4>\n\t\t\t\t\t\t<div class='uagb-post__text uagb-post-grid-byline'>\n\t\t\t\t\t\t\t\t<time datetime=\"2025-06-05T18:08:25+00:00\" class=\"uagb-post__date\">\n\t\t\t\t<span class=\"dashicons-calendar dashicons\"><\/span>\t\t\t\t\tJune 5, 2025\t\t\t\t<\/time>\n\t\t\t\t\t\t\t<span class=\"uagb-post__comment\">\n\t\t\t\t<span class=\"dashicons-admin-comments dashicons\"><\/span>\t\t\t\t\tNo Comments\t\t\t\t<\/span>\n\t\t\t\t\t\t<\/div>\n\t\t\t\t\t\t\t<div class='uagb-post__text uagb-post__excerpt'>\n\t\t\t\t\t<p>Descubre por qu\u00e9 cada vez m\u00e1s profesionales exitosos est\u00e1n ingresando al sector tecnol\u00f3gico sin t\u00edtulos&#8230;\t\t\t\t<\/div>\n\t\t\t\t\t\t<div class=\"uagb-post__text uagb-post__cta wp-block-button\">\n\t\t\t\t<a class=\"wp-block-button__link uagb-text-link\" style=\"\" href=\"https:\/\/goclicknica.com\/en\/2025\/06\/05\/necesitas-un-titulo-en-tecnologia-para-trabajar-en-la-industria-tech-la-verdad-sobre-las-carreras-tecnologicas\/\" target=\"_self\" rel=\"bookmark noopener noreferrer\">Read More<\/a>\n\t\t\t<\/div>\n\t\t\t\n\t\t\t\t\t\t\t\t\t<\/article>\n\t\t\t\t\t\t\t\t\t\t\t\t\t\t\t\t<article class=\"uagb-post__inner-wrap\">\t\t\t\t\t\t\t\t<h4 class=\"uagb-post__title uagb-post__text\">\n\t\t\t\t<a href=\"https:\/\/goclicknica.com\/en\/2025\/02\/18\/estrategias-de-marketing-para-empresas-de-servicios-y-productos-masivos\/\" target=\"_self\" rel=\"bookmark noopener noreferrer\">Estrategias de Marketing para Empresas de Servicios y Productos Masivos<\/a>\n\t\t\t<\/h4>\n\t\t\t\t\t\t<div class='uagb-post__text uagb-post-grid-byline'>\n\t\t\t\t\t\t\t\t<time datetime=\"2025-02-18T21:26:51+00:00\" class=\"uagb-post__date\">\n\t\t\t\t<span class=\"dashicons-calendar dashicons\"><\/span>\t\t\t\t\tFebruary 18, 2025\t\t\t\t<\/time>\n\t\t\t\t\t\t\t<span class=\"uagb-post__comment\">\n\t\t\t\t<span class=\"dashicons-admin-comments dashicons\"><\/span>\t\t\t\t\tNo Comments\t\t\t\t<\/span>\n\t\t\t\t\t\t<\/div>\n\t\t\t\t\t\t\t<div class='uagb-post__text uagb-post__excerpt'>\n\t\t\t\t\t<p>Elaborado por: Katherine Gait\u00e1n En un mercado altamente competitivo, destacar y fidelizar a los clientes&#8230;\t\t\t\t<\/div>\n\t\t\t\t\t\t<div class=\"uagb-post__text uagb-post__cta wp-block-button\">\n\t\t\t\t<a class=\"wp-block-button__link uagb-text-link\" style=\"\" href=\"https:\/\/goclicknica.com\/en\/2025\/02\/18\/estrategias-de-marketing-para-empresas-de-servicios-y-productos-masivos\/\" target=\"_self\" rel=\"bookmark noopener noreferrer\">Read More<\/a>\n\t\t\t<\/div>\n\t\t\t\n\t\t\t\t\t\t\t\t\t<\/article>\n\t\t\t\t\t\t\t\t\t\t\t\t\t<div class=\"uagb-post-pagination-wrap\">\n\t\t\t\t\t\t<span aria-current=\"page\" class=\"page-numbers current\">1<\/span>\n<a class=\"page-numbers\" href=\"https:\/\/goclicknica.com\/en\/wp-json\/wp\/v2\/pages\/1067\/page\/2\/\">2<\/a>\n<a class=\"page-numbers\" href=\"https:\/\/goclicknica.com\/en\/wp-json\/wp\/v2\/pages\/1067\/page\/3\/\">3<\/a>\n<a class=\"next page-numbers\" href=\"https:\/\/goclicknica.com\/en\/wp-json\/wp\/v2\/pages\/1067\/page\/2\/\">Next \u00bb<\/a>\t\t\t\t\t<\/div>\n\t\t\t\t\t\t\t\t<\/div>\n\t\t\t\n\n\n<p><\/p>","protected":false},"excerpt":{"rendered":"<p>Nuestros Art\u00edculos Tendencias<\/p>","protected":false},"author":1,"featured_media":0,"parent":1055,"menu_order":0,"comment_status":"closed","ping_status":"closed","template":"","meta":{"om_disable_all_campaigns":false,"_uag_custom_page_level_css":"","_monsterinsights_skip_tracking":false,"_monsterinsights_sitenote_active":false,"_monsterinsights_sitenote_note":"","_monsterinsights_sitenote_category":0,"site-sidebar-layout":"no-sidebar","site-content-layout":"plain-container","ast-global-header-display":"","ast-main-header-display":"","ast-hfb-above-header-display":"","ast-hfb-below-header-display":"","ast-hfb-mobile-header-display":"","site-post-title":"disabled","ast-breadcrumbs-content":"","ast-featured-img":"","footer-sml-layout":"","theme-transparent-header-meta":"enabled","adv-header-id-meta":"","stick-header-meta":"","header-above-stick-meta":"","header-main-stick-meta":"","header-below-stick-meta":"","footnotes":""},"class_list":["post-1067","page","type-page","status-publish","hentry"],"aioseo_notices":[],"uagb_featured_image_src":{"full":false,"thumbnail":false,"medium":false,"medium_large":false,"large":false,"1536x1536":false,"2048x2048":false,"trp-custom-language-flag":false},"uagb_author_info":{"display_name":"goclick01","author_link":"https:\/\/goclicknica.com\/en\/author\/goclick01\/"},"uagb_comment_info":0,"uagb_excerpt":"Nuestros Art\u00edculos Tendencias","_links":{"self":[{"href":"https:\/\/goclicknica.com\/en\/wp-json\/wp\/v2\/pages\/1067","targetHints":{"allow":["GET"]}}],"collection":[{"href":"https:\/\/goclicknica.com\/en\/wp-json\/wp\/v2\/pages"}],"about":[{"href":"https:\/\/goclicknica.com\/en\/wp-json\/wp\/v2\/types\/page"}],"author":[{"embeddable":true,"href":"https:\/\/goclicknica.com\/en\/wp-json\/wp\/v2\/users\/1"}],"replies":[{"embeddable":true,"href":"https:\/\/goclicknica.com\/en\/wp-json\/wp\/v2\/comments?post=1067"}],"version-history":[{"count":22,"href":"https:\/\/goclicknica.com\/en\/wp-json\/wp\/v2\/pages\/1067\/revisions"}],"predecessor-version":[{"id":2056,"href":"https:\/\/goclicknica.com\/en\/wp-json\/wp\/v2\/pages\/1067\/revisions\/2056"}],"up":[{"embeddable":true,"href":"https:\/\/goclicknica.com\/en\/wp-json\/wp\/v2\/pages\/1055"}],"wp:attachment":[{"href":"https:\/\/goclicknica.com\/en\/wp-json\/wp\/v2\/media?parent=1067"}],"curies":[{"name":"wp","href":"https:\/\/api.w.org\/{rel}","templated":true}]}}