{"id":2060,"date":"2025-06-28T23:35:54","date_gmt":"2025-06-28T23:35:54","guid":{"rendered":"https:\/\/goclicknica.com\/?page_id=2060"},"modified":"2025-06-29T00:41:30","modified_gmt":"2025-06-29T00:41:30","slug":"servicios","status":"publish","type":"page","link":"https:\/\/goclicknica.com\/en\/servicios\/","title":{"rendered":"Servicios"},"content":{"rendered":"<p><strong>Impulsa tu negocio con soluciones estrat\u00e9gicas<\/strong>.En un mundo digital en constante cambio, ofrecemos m\u00e1s que servicios: brindamos acompa\u00f1amiento, visi\u00f3n y resultados. Descubre c\u00f3mo podemos ayudarte a transformar tus ideas en impacto real.<\/p>\n\n\n\n<p><\/p>\n\n\n<div class=\"alignwide wp-block-services-section-services\" id='ssbServices-6' data-attributes='{&quot;align&quot;:&quot;wide&quot;,&quot;cId&quot;:&quot;&quot;,&quot;layout&quot;:&quot;default&quot;,&quot;columns&quot;:{&quot;desktop&quot;:3,&quot;tablet&quot;:2,&quot;mobile&quot;:1},&quot;columnGap&quot;:&quot;30px&quot;,&quot;rowGap&quot;:&quot;30px&quot;,&quot;background&quot;:{&quot;color&quot;:&quot;#0000&quot;},&quot;padding&quot;:{&quot;side&quot;:4},&quot;border&quot;:[],&quot;textAlign&quot;:&quot;left&quot;,&quot;itemHeight&quot;:&quot;375px&quot;,&quot;itemPadding&quot;:{&quot;side&quot;:4,&quot;top&quot;:&quot;50px&quot;,&quot;right&quot;:&quot;30px&quot;,&quot;bottom&quot;:&quot;50px&quot;,&quot;left&quot;:&quot;50px&quot;},&quot;itemBorder&quot;:{&quot;radius&quot;:&quot;15px&quot;},&quot;itemShadow&quot;:{&quot;blur&quot;:&quot;20px&quot;,&quot;color&quot;:&quot;#0000001a&quot;},&quot;itemHovShadow&quot;:{&quot;hOffset&quot;:0,&quot;vOffset&quot;:&quot;12px&quot;,&quot;blur&quot;:&quot;20px&quot;,&quot;spreed&quot;:&quot;-7px&quot;,&quot;color&quot;:&quot;rgba(0, 0, 0, 0.2)&quot;},&quot;showBorderDiv&quot;:true,&quot;borderDivBg&quot;:&quot;#21759b&quot;,&quot;iconPadding&quot;:{&quot;side&quot;:4,&quot;bottom&quot;:&quot;10px&quot;},&quot;iconMargin&quot;:{&quot;side&quot;:4,&quot;bottom&quot;:&quot;20px&quot;},&quot;titleTypo&quot;:{&quot;fontSize&quot;:{&quot;desktop&quot;:23,&quot;tablet&quot;:20,&quot;mobile&quot;:18}},&quot;titleMargin&quot;:{&quot;side&quot;:4,&quot;bottom&quot;:&quot;30px&quot;},&quot;descTypo&quot;:{&quot;fontSize&quot;:{&quot;desktop&quot;:16,&quot;tablet&quot;:16,&quot;mobile&quot;:16}},&quot;TrpContentRestriction&quot;:{&quot;restriction_type&quot;:&quot;exclude&quot;,&quot;selected_languages&quot;:[],&quot;panel_open&quot;:true}}'>\r\n\t<div class='ssbServicesStyle'><\/div>\r\n\r\n\t<div class='ssbServices default columns-3 columns-tablet-2 columns-mobile-1'>\r\n\t\t\n<div class=\"wp-block-services-section-service\" id='ssbService-1' data-attributes='{&quot;hoverBG&quot;:{&quot;type&quot;:&quot;solid&quot;,&quot;image&quot;:{&quot;url&quot;:&quot;https:\\\/\\\/i.imgur.com\\\/i6qCSdM.png&quot;},&quot;overlayColor&quot;:&quot;#0000&quot;,&quot;position&quot;:&quot;bottom left&quot;,&quot;size&quot;:&quot;auto&quot;,&quot;repeat&quot;:&quot;no-repeat&quot;,&quot;color&quot;:&quot;rgba(0, 39, 216, 0.36)&quot;},&quot;icon&quot;:{&quot;class&quot;:&quot;fa-solid fa-magnifying-glass-chart&quot;,&quot;fontSize&quot;:70},&quot;title&quot;:&quot;Investigaci\\u00f3n y Estudios de Mercado&quot;,&quot;desc&quot;:&quot;Obten\\u00e9 una visi\\u00f3n clara de tu entorno competitivo, tendencias emergentes y comportamiento del consumidor en mercados latinoamericanos. Realizamos estudios a profundidad que sirven como base estrat\\u00e9gica para validar ideas, descubrir oportunidades y tomar decisiones informadas.&quot;,&quot;link&quot;:&quot;https:\\\/\\\/goclicknica.com\\\/contact\\\/&quot;,&quot;align&quot;:&quot;&quot;,&quot;background&quot;:{&quot;color&quot;:&quot;#0000&quot;},&quot;afterBackground&quot;:{&quot;color&quot;:&quot;#37473A&quot;},&quot;animationDirection&quot;:&quot;left&quot;,&quot;contentBox&quot;:{&quot;bg&quot;:&quot;#6A3434&quot;,&quot;padding&quot;:{&quot;side&quot;:4,&quot;top&quot;:&quot;0px&quot;,&quot;right&quot;:&quot;20px&quot;,&quot;bottom&quot;:&quot;20px&quot;,&quot;left&quot;:&quot;20px&quot;},&quot;border&quot;:{&quot;side&quot;:&quot;top&quot;,&quot;color&quot;:&quot;#fa5b0f&quot;,&quot;width&quot;:&quot;15px&quot;,&quot;style&quot;:&quot;solid&quot;,&quot;radius&quot;:&quot;&quot;}},&quot;cardData&quot;:{&quot;bg&quot;:&quot;#282828&quot;,&quot;radius&quot;:&quot;10px&quot;},&quot;isIcon&quot;:true,&quot;isUpIcon&quot;:false,&quot;iconHovColor&quot;:&quot;#000&quot;,&quot;iconBgColor&quot;:&quot;#0000&quot;,&quot;iconBgHovColor&quot;:&quot;#0000&quot;,&quot;upIcon&quot;:{&quot;id&quot;:null,&quot;url&quot;:&quot;&quot;,&quot;alt&quot;:&quot;&quot;,&quot;title&quot;:&quot;&quot;},&quot;iconWidth&quot;:&quot;70px&quot;,&quot;iconBorder&quot;:[],&quot;isTitle&quot;:true,&quot;titleColor&quot;:&quot;#222&quot;,&quot;titleHovColor&quot;:&quot;#222&quot;,&quot;isDesc&quot;:true,&quot;descColor&quot;:&quot;#333&quot;,&quot;descHovColor&quot;:&quot;#333&quot;,&quot;circleBefore&quot;:{&quot;width&quot;:&quot;150px&quot;,&quot;height&quot;:&quot;150px&quot;},&quot;isLink&quot;:true,&quot;linkIn&quot;:&quot;button&quot;,&quot;isOpenInNewTab&quot;:false,&quot;linkIconColor&quot;:&quot;#fff&quot;,&quot;linkBGColor&quot;:&quot;#d2d2d2&quot;,&quot;linkBGHovColor&quot;:&quot;#4527a4&quot;,&quot;TrpContentRestriction&quot;:{&quot;restriction_type&quot;:&quot;exclude&quot;,&quot;selected_languages&quot;:[],&quot;panel_open&quot;:true}}'><\/div>\r\n\n\n<div class=\"wp-block-services-section-service\" id='ssbService-2' data-attributes='{&quot;hoverBG&quot;:{&quot;type&quot;:&quot;solid&quot;,&quot;image&quot;:{&quot;url&quot;:&quot;https:\\\/\\\/i.imgur.com\\\/i6qCSdM.png&quot;},&quot;overlayColor&quot;:&quot;#0000&quot;,&quot;position&quot;:&quot;bottom left&quot;,&quot;size&quot;:&quot;auto&quot;,&quot;repeat&quot;:&quot;no-repeat&quot;,&quot;color&quot;:&quot;rgba(0, 39, 216, 0.36)&quot;},&quot;icon&quot;:{&quot;class&quot;:&quot;fa-solid fa-desktop&quot;,&quot;fontSize&quot;:70},&quot;title&quot;:&quot;Digitalizaci\\u00f3n de tu Negocio&quot;,&quot;desc&quot;:&quot;Transform\\u00e1 tu operaci\\u00f3n integrando soluciones digitales. Te acompa\\u00f1amos en el dise\\u00f1o UX de productos o plataformas, implementaci\\u00f3n de sistemas de pago en l\\u00ednea, desarrollo de p\\u00e1ginas web, y estructuraci\\u00f3n de procesos con herramientas digitales y gesti\\u00f3n \\u00e1gil de productos.&quot;,&quot;link&quot;:&quot;https:\\\/\\\/goclicknica.com\\\/contact\\\/&quot;,&quot;align&quot;:&quot;&quot;,&quot;background&quot;:{&quot;color&quot;:&quot;#0000&quot;},&quot;afterBackground&quot;:{&quot;color&quot;:&quot;#37473A&quot;},&quot;animationDirection&quot;:&quot;left&quot;,&quot;contentBox&quot;:{&quot;bg&quot;:&quot;#6A3434&quot;,&quot;padding&quot;:{&quot;side&quot;:4,&quot;top&quot;:&quot;0px&quot;,&quot;right&quot;:&quot;20px&quot;,&quot;bottom&quot;:&quot;20px&quot;,&quot;left&quot;:&quot;20px&quot;},&quot;border&quot;:{&quot;side&quot;:&quot;top&quot;,&quot;color&quot;:&quot;#fa5b0f&quot;,&quot;width&quot;:&quot;15px&quot;,&quot;style&quot;:&quot;solid&quot;,&quot;radius&quot;:&quot;&quot;}},&quot;cardData&quot;:{&quot;bg&quot;:&quot;#282828&quot;,&quot;radius&quot;:&quot;10px&quot;},&quot;isIcon&quot;:true,&quot;isUpIcon&quot;:false,&quot;iconHovColor&quot;:&quot;#000&quot;,&quot;iconBgColor&quot;:&quot;#0000&quot;,&quot;iconBgHovColor&quot;:&quot;#0000&quot;,&quot;upIcon&quot;:{&quot;id&quot;:null,&quot;url&quot;:&quot;&quot;,&quot;alt&quot;:&quot;&quot;,&quot;title&quot;:&quot;&quot;},&quot;iconWidth&quot;:&quot;70px&quot;,&quot;iconBorder&quot;:[],&quot;isTitle&quot;:true,&quot;titleColor&quot;:&quot;#222&quot;,&quot;titleHovColor&quot;:&quot;#222&quot;,&quot;isDesc&quot;:true,&quot;descColor&quot;:&quot;#333&quot;,&quot;descHovColor&quot;:&quot;#333&quot;,&quot;circleBefore&quot;:{&quot;width&quot;:&quot;150px&quot;,&quot;height&quot;:&quot;150px&quot;},&quot;isLink&quot;:true,&quot;linkIn&quot;:&quot;button&quot;,&quot;isOpenInNewTab&quot;:false,&quot;linkIconColor&quot;:&quot;#fff&quot;,&quot;linkBGColor&quot;:&quot;#d2d2d2&quot;,&quot;linkBGHovColor&quot;:&quot;#4527a4&quot;,&quot;TrpContentRestriction&quot;:{&quot;restriction_type&quot;:&quot;exclude&quot;,&quot;selected_languages&quot;:[],&quot;panel_open&quot;:true}}'><\/div>\r\n\n\n<div class=\"wp-block-services-section-service\" id='ssbService-3' data-attributes='{&quot;hoverBG&quot;:{&quot;type&quot;:&quot;solid&quot;,&quot;image&quot;:{&quot;url&quot;:&quot;https:\\\/\\\/i.imgur.com\\\/i6qCSdM.png&quot;},&quot;overlayColor&quot;:&quot;#0000&quot;,&quot;position&quot;:&quot;bottom left&quot;,&quot;size&quot;:&quot;auto&quot;,&quot;repeat&quot;:&quot;no-repeat&quot;,&quot;color&quot;:&quot;rgba(0, 39, 216, 0.36)&quot;},&quot;icon&quot;:{&quot;class&quot;:&quot;fa-solid fa-bullseye&quot;,&quot;fontSize&quot;:70},&quot;title&quot;:&quot;Asesor\\u00eda Corporativa para el Lanzamiento de Productos Digitales&quot;,&quot;desc&quot;:&quot;Desde la idea hasta el mercado. Guiamos a empresas y startups en el dise\\u00f1o y despliegue de nuevos productos digitales, aplicando metodolog\\u00edas como Lean Startup, Design Thinking y Agile Product Management para acelerar el proceso y reducir riesgos de mercado.&quot;,&quot;link&quot;:&quot;https:\\\/\\\/goclicknica.com\\\/contact\\\/&quot;,&quot;align&quot;:&quot;&quot;,&quot;background&quot;:{&quot;color&quot;:&quot;#0000&quot;},&quot;afterBackground&quot;:{&quot;color&quot;:&quot;#37473A&quot;},&quot;animationDirection&quot;:&quot;left&quot;,&quot;contentBox&quot;:{&quot;bg&quot;:&quot;#6A3434&quot;,&quot;padding&quot;:{&quot;side&quot;:4,&quot;top&quot;:&quot;0px&quot;,&quot;right&quot;:&quot;20px&quot;,&quot;bottom&quot;:&quot;20px&quot;,&quot;left&quot;:&quot;20px&quot;},&quot;border&quot;:{&quot;side&quot;:&quot;top&quot;,&quot;color&quot;:&quot;#fa5b0f&quot;,&quot;width&quot;:&quot;15px&quot;,&quot;style&quot;:&quot;solid&quot;,&quot;radius&quot;:&quot;&quot;}},&quot;cardData&quot;:{&quot;bg&quot;:&quot;#282828&quot;,&quot;radius&quot;:&quot;10px&quot;},&quot;isIcon&quot;:true,&quot;isUpIcon&quot;:false,&quot;iconHovColor&quot;:&quot;#000&quot;,&quot;iconBgColor&quot;:&quot;#0000&quot;,&quot;iconBgHovColor&quot;:&quot;#0000&quot;,&quot;upIcon&quot;:{&quot;id&quot;:null,&quot;url&quot;:&quot;&quot;,&quot;alt&quot;:&quot;&quot;,&quot;title&quot;:&quot;&quot;},&quot;iconWidth&quot;:&quot;70px&quot;,&quot;iconBorder&quot;:[],&quot;isTitle&quot;:true,&quot;titleColor&quot;:&quot;#222&quot;,&quot;titleHovColor&quot;:&quot;#222&quot;,&quot;isDesc&quot;:true,&quot;descColor&quot;:&quot;#333&quot;,&quot;descHovColor&quot;:&quot;#333&quot;,&quot;circleBefore&quot;:{&quot;width&quot;:&quot;150px&quot;,&quot;height&quot;:&quot;150px&quot;},&quot;isLink&quot;:true,&quot;linkIn&quot;:&quot;button&quot;,&quot;isOpenInNewTab&quot;:false,&quot;linkIconColor&quot;:&quot;#fff&quot;,&quot;linkBGColor&quot;:&quot;#d2d2d2&quot;,&quot;linkBGHovColor&quot;:&quot;#4527a4&quot;,&quot;TrpContentRestriction&quot;:{&quot;restriction_type&quot;:&quot;exclude&quot;,&quot;selected_languages&quot;:[],&quot;panel_open&quot;:true}}'><\/div>\r\n\n\n<div class=\"wp-block-services-section-service\" id='ssbService-4' data-attributes='{&quot;hoverBG&quot;:{&quot;type&quot;:&quot;solid&quot;,&quot;image&quot;:{&quot;url&quot;:&quot;https:\\\/\\\/i.imgur.com\\\/i6qCSdM.png&quot;},&quot;overlayColor&quot;:&quot;#0000&quot;,&quot;position&quot;:&quot;bottom left&quot;,&quot;size&quot;:&quot;auto&quot;,&quot;repeat&quot;:&quot;no-repeat&quot;,&quot;color&quot;:&quot;rgba(0, 39, 216, 0.36)&quot;},&quot;icon&quot;:{&quot;class&quot;:&quot;fa-solid fa-bong&quot;,&quot;fontSize&quot;:70},&quot;title&quot;:&quot;Dise\\u00f1o y Evaluaci\\u00f3n de Nuevos Productos&quot;,&quot;desc&quot;:&quot;Construimos soluciones centradas en el usuario. Facilitamos la creaci\\u00f3n de prototipos, pruebas de usabilidad, validaci\\u00f3n de conceptos y an\\u00e1lisis de viabilidad t\\u00e9cnica\\u2013comercial. Ideal para empresas que buscan innovar o mejorar su portafolio digital.&quot;,&quot;link&quot;:&quot;https:\\\/\\\/goclicknica.com\\\/contact\\\/&quot;,&quot;align&quot;:&quot;&quot;,&quot;background&quot;:{&quot;color&quot;:&quot;#0000&quot;},&quot;afterBackground&quot;:{&quot;color&quot;:&quot;#37473A&quot;},&quot;animationDirection&quot;:&quot;left&quot;,&quot;contentBox&quot;:{&quot;bg&quot;:&quot;#6A3434&quot;,&quot;padding&quot;:{&quot;side&quot;:4,&quot;top&quot;:&quot;0px&quot;,&quot;right&quot;:&quot;20px&quot;,&quot;bottom&quot;:&quot;20px&quot;,&quot;left&quot;:&quot;20px&quot;},&quot;border&quot;:{&quot;side&quot;:&quot;top&quot;,&quot;color&quot;:&quot;#fa5b0f&quot;,&quot;width&quot;:&quot;15px&quot;,&quot;style&quot;:&quot;solid&quot;,&quot;radius&quot;:&quot;&quot;}},&quot;cardData&quot;:{&quot;bg&quot;:&quot;#282828&quot;,&quot;radius&quot;:&quot;10px&quot;},&quot;isIcon&quot;:true,&quot;isUpIcon&quot;:false,&quot;iconHovColor&quot;:&quot;#000&quot;,&quot;iconBgColor&quot;:&quot;#0000&quot;,&quot;iconBgHovColor&quot;:&quot;#0000&quot;,&quot;upIcon&quot;:{&quot;id&quot;:null,&quot;url&quot;:&quot;&quot;,&quot;alt&quot;:&quot;&quot;,&quot;title&quot;:&quot;&quot;},&quot;iconWidth&quot;:&quot;70px&quot;,&quot;iconBorder&quot;:[],&quot;isTitle&quot;:true,&quot;titleColor&quot;:&quot;#222&quot;,&quot;titleHovColor&quot;:&quot;#222&quot;,&quot;isDesc&quot;:true,&quot;descColor&quot;:&quot;#333&quot;,&quot;descHovColor&quot;:&quot;#333&quot;,&quot;circleBefore&quot;:{&quot;width&quot;:&quot;150px&quot;,&quot;height&quot;:&quot;150px&quot;},&quot;isLink&quot;:true,&quot;linkIn&quot;:&quot;button&quot;,&quot;isOpenInNewTab&quot;:false,&quot;linkIconColor&quot;:&quot;#fff&quot;,&quot;linkBGColor&quot;:&quot;#d2d2d2&quot;,&quot;linkBGHovColor&quot;:&quot;#4527a4&quot;,&quot;TrpContentRestriction&quot;:{&quot;restriction_type&quot;:&quot;exclude&quot;,&quot;selected_languages&quot;:[],&quot;panel_open&quot;:true}}'><\/div>\r\n\n\n<div class=\"wp-block-services-section-service\" id='ssbService-5' data-attributes='{&quot;background&quot;:{&quot;color&quot;:&quot;#0000&quot;,&quot;type&quot;:&quot;gradient&quot;},&quot;hoverBG&quot;:{&quot;type&quot;:&quot;solid&quot;,&quot;image&quot;:{&quot;url&quot;:&quot;https:\\\/\\\/i.imgur.com\\\/i6qCSdM.png&quot;},&quot;overlayColor&quot;:&quot;var(--ast-global-color-0)&quot;,&quot;position&quot;:&quot;bottom left&quot;,&quot;size&quot;:&quot;auto&quot;,&quot;repeat&quot;:&quot;no-repeat&quot;,&quot;color&quot;:&quot;rgba(0, 39, 216, 0.36)&quot;},&quot;icon&quot;:{&quot;class&quot;:&quot;fa-solid fa-chart-line&quot;,&quot;fontSize&quot;:70},&quot;title&quot;:&quot;Marketing Digital y Estrategia de Crecimiento&quot;,&quot;desc&quot;:&quot;Conectamos tu producto con el mercado a trav\\u00e9s de estrategias de marketing digital basadas en datos. Desde campa\\u00f1as en redes sociales hasta embudos de conversi\\u00f3n y posicionamiento SEO, dise\\u00f1amos planes enfocados en visibilidad, adquisici\\u00f3n y fidelizaci\\u00f3n.&quot;,&quot;link&quot;:&quot;https:\\\/\\\/goclicknica.com\\\/contact\\\/&quot;,&quot;align&quot;:&quot;&quot;,&quot;afterBackground&quot;:{&quot;color&quot;:&quot;#37473A&quot;},&quot;animationDirection&quot;:&quot;left&quot;,&quot;contentBox&quot;:{&quot;bg&quot;:&quot;#6A3434&quot;,&quot;padding&quot;:{&quot;side&quot;:4,&quot;top&quot;:&quot;0px&quot;,&quot;right&quot;:&quot;20px&quot;,&quot;bottom&quot;:&quot;20px&quot;,&quot;left&quot;:&quot;20px&quot;},&quot;border&quot;:{&quot;side&quot;:&quot;top&quot;,&quot;color&quot;:&quot;#fa5b0f&quot;,&quot;width&quot;:&quot;15px&quot;,&quot;style&quot;:&quot;solid&quot;,&quot;radius&quot;:&quot;&quot;}},&quot;cardData&quot;:{&quot;bg&quot;:&quot;#282828&quot;,&quot;radius&quot;:&quot;10px&quot;},&quot;isIcon&quot;:true,&quot;isUpIcon&quot;:false,&quot;iconHovColor&quot;:&quot;#000&quot;,&quot;iconBgColor&quot;:&quot;#0000&quot;,&quot;iconBgHovColor&quot;:&quot;#0000&quot;,&quot;upIcon&quot;:{&quot;id&quot;:null,&quot;url&quot;:&quot;&quot;,&quot;alt&quot;:&quot;&quot;,&quot;title&quot;:&quot;&quot;},&quot;iconWidth&quot;:&quot;70px&quot;,&quot;iconBorder&quot;:[],&quot;isTitle&quot;:true,&quot;titleColor&quot;:&quot;#222&quot;,&quot;titleHovColor&quot;:&quot;#222&quot;,&quot;isDesc&quot;:true,&quot;descColor&quot;:&quot;#333&quot;,&quot;descHovColor&quot;:&quot;#333&quot;,&quot;circleBefore&quot;:{&quot;width&quot;:&quot;150px&quot;,&quot;height&quot;:&quot;150px&quot;},&quot;isLink&quot;:true,&quot;linkIn&quot;:&quot;button&quot;,&quot;isOpenInNewTab&quot;:false,&quot;linkIconColor&quot;:&quot;#fff&quot;,&quot;linkBGColor&quot;:&quot;#d2d2d2&quot;,&quot;linkBGHovColor&quot;:&quot;#4527a4&quot;,&quot;TrpContentRestriction&quot;:{&quot;restriction_type&quot;:&quot;exclude&quot;,&quot;selected_languages&quot;:[],&quot;panel_open&quot;:true}}'><\/div>\r\n\n\t<\/div>\r\n<\/div>","protected":false},"excerpt":{"rendered":"<p>Impulsa tu negocio con soluciones estrat\u00e9gicas.En un mundo digital en constante cambio, ofrecemos m\u00e1s que servicios: brindamos acompa\u00f1amiento, visi\u00f3n y resultados. Descubre c\u00f3mo podemos ayudarte a transformar tus ideas en impacto real.<\/p>","protected":false},"author":1,"featured_media":0,"parent":0,"menu_order":0,"comment_status":"closed","ping_status":"closed","template":"","meta":{"om_disable_all_campaigns":false,"_uag_custom_page_level_css":"","_monsterinsights_skip_tracking":false,"_monsterinsights_sitenote_active":false,"_monsterinsights_sitenote_note":"","_monsterinsights_sitenote_category":0,"site-sidebar-layout":"default","site-content-layout":"boxed-container","ast-global-header-display":"","ast-main-header-display":"","ast-hfb-above-header-display":"","ast-hfb-below-header-display":"","ast-hfb-mobile-header-display":"","site-post-title":"","ast-breadcrumbs-content":"","ast-featured-img":"","footer-sml-layout":"","theme-transparent-header-meta":"","adv-header-id-meta":"","stick-header-meta":"","header-above-stick-meta":"","header-main-stick-meta":"","header-below-stick-meta":"","footnotes":""},"class_list":["post-2060","page","type-page","status-publish","hentry"],"aioseo_notices":[],"uagb_featured_image_src":{"full":false,"thumbnail":false,"medium":false,"medium_large":false,"large":false,"1536x1536":false,"2048x2048":false,"trp-custom-language-flag":false},"uagb_author_info":{"display_name":"goclick01","author_link":"https:\/\/goclicknica.com\/en\/author\/goclick01\/"},"uagb_comment_info":0,"uagb_excerpt":"Impulsa tu negocio con soluciones estrat\u00e9gicas.En un mundo digital en constante cambio, ofrecemos m\u00e1s que servicios: brindamos acompa\u00f1amiento, visi\u00f3n y resultados. Descubre c\u00f3mo podemos ayudarte a transformar tus ideas en impacto real.","_links":{"self":[{"href":"https:\/\/goclicknica.com\/en\/wp-json\/wp\/v2\/pages\/2060","targetHints":{"allow":["GET"]}}],"collection":[{"href":"https:\/\/goclicknica.com\/en\/wp-json\/wp\/v2\/pages"}],"about":[{"href":"https:\/\/goclicknica.com\/en\/wp-json\/wp\/v2\/types\/page"}],"author":[{"embeddable":true,"href":"https:\/\/goclicknica.com\/en\/wp-json\/wp\/v2\/users\/1"}],"replies":[{"embeddable":true,"href":"https:\/\/goclicknica.com\/en\/wp-json\/wp\/v2\/comments?post=2060"}],"version-history":[{"count":8,"href":"https:\/\/goclicknica.com\/en\/wp-json\/wp\/v2\/pages\/2060\/revisions"}],"predecessor-version":[{"id":2075,"href":"https:\/\/goclicknica.com\/en\/wp-json\/wp\/v2\/pages\/2060\/revisions\/2075"}],"wp:attachment":[{"href":"https:\/\/goclicknica.com\/en\/wp-json\/wp\/v2\/media?parent=2060"}],"curies":[{"name":"wp","href":"https:\/\/api.w.org\/{rel}","templated":true}]}}